{"id":43,"date":"2025-07-10T01:05:58","date_gmt":"2025-07-09T23:05:58","guid":{"rendered":"https:\/\/pearlofbeauty.pl\/?page_id=43"},"modified":"2025-09-29T23:08:36","modified_gmt":"2025-09-29T21:08:36","slug":"o-mnie","status":"publish","type":"page","link":"https:\/\/pearlofbeauty.pl\/?page_id=43","title":{"rendered":"O mnie"},"content":{"rendered":"\n<p class=\"has-text-align-left\"><em>Od lat z pasj\u0105 oraz zaanga\u017cowaniem zajmuj\u0119 si\u0119 profesjonaln\u0105 piel\u0119gnacj\u0105 sk\u00f3ry twarzy i cia\u0142a. Kosmetologia to nie tylko moja praca, to \u015bwiadoma \u017cyciowa droga, w kt\u00f3rej mog\u0119 \u0142\u0105czy\u0107 wiedz\u0119, do\u015bwiadczenie i autentyczn\u0105 trosk\u0119 o zdrowie oraz dobre samopoczucie moich klientek.<\/em><\/p>\n\n\n\n<p class=\"has-text-align-left\"><em>Uko\u0144czy\u0142am studia podyplomowe z Kosmetologii  oraz  Medycyny Estetycznej, a swoj\u0105 wiedz\u0119 poszerzy\u0142am tak\u017ce o kierunek Trychologia Kosmetologiczno-Lecznicza. Cho\u0107 na co dzie\u0144 koncentruj\u0119 si\u0119 g\u0142\u00f3wnie na kosmetologii twarzy i cia\u0142a, szerokie wykszta\u0142cenie pozwala mi patrze\u0107 na piel\u0119gnacj\u0119 w spos\u00f3b ca\u0142o\u015bciowy i \u015bwiadomy.<\/em><\/p>\n\n\n\n<p class=\"has-text-align-left\"><em>Jestem absolwentk\u0105 menad\u017cerskich studi\u00f3w podyplomowych  Master of Business Administration (MBA), co pozwala mi z powodzeniem prowadzi\u0107 w\u0142asn\u0105 dzia\u0142alno\u015b\u0107 w oparciu o najwy\u017csze standardy organizacyjne i jako\u015bciowe.<\/em><\/p>\n\n\n\n<p><em>Jestem tak\u017ce za\u0142o\u017cycielk\u0105 <strong>Akademia Kobido<\/strong> \u2014<strong>Centrum Szkoleniowo Edukacyjne<\/strong>, miejsca, w kt\u00f3rym z pasj\u0105 i precyzj\u0105 szkolimy kursant\u00f3w w zakresie japo\u0144skiego masa\u017cu Kobido. To wyj\u0105tkowa forma terapii manualnej, \u0142\u0105cz\u0105ca g\u0142\u0119boki relaks z efektem liftinguj\u0105cym, kt\u00f3ra wymaga ogromnej uwa\u017cno\u015bci, technicznej precyzji i szacunku do tradycji. W Akademii dzielimy si\u0119 wiedz\u0105, do\u015bwiadczeniem i warto\u015bciami, kt\u00f3re stoj\u0105 za autentycznym, profesjonalnym podej\u015bciem do tej wyj\u0105tkowej techniki.<\/em><\/p>\n\n\n\n<p class=\"has-text-align-left\"><em>Stale podnosz\u0119 swoje kwalifikacje \u2014 regularnie uczestnicz\u0119 w bran\u017cowych szkoleniach, seminariach i kongresach. Jestem cz\u0142onkiem Mi\u0119dzynarodowego Stowarzyszenia Trychologicznego oraz Polskiego Stowarzyszenia Kosmetologii i Medycyny Estetycznej, co daje mi dost\u0119p do aktualnej wiedzy, bada\u0144 i najlepszych praktyk w bran\u017cy beauty.<\/em><\/p>\n\n\n\n<p class=\"has-text-align-left\"><em>W moim gabinecie korzystam wy\u0142\u0105cznie z certyfikowanego, wysokiej klasy sprz\u0119tu Premium,  kt\u00f3ry spe\u0142nia rygorystyczne normy bezpiecze\u0144stwa i skuteczno\u015bci. <\/em><\/p>\n\n\n\n<p class=\"has-text-align-left\"><em>Szczeg\u00f3ln\u0105 uwag\u0119 przywi\u0105zuj\u0119 r\u00f3wnie\u017c do kwestii higieny \u2014 pracuj\u0119 w warunkach spe\u0142niaj\u0105cych najwy\u017csze standardy sanitarne, w zdecydowanej wi\u0119kszo\u015bci wykorzystuj\u0105c produkty i akcesoria jednorazowe. To wszystko sprawia, \u017ce mo\u017cesz czu\u0107 si\u0119 u mnie w pe\u0142ni bezpiecznie i komfortowo.<\/em><\/p>\n\n\n\n<p class=\"has-text-align-left\"><em>W centrum mojej pracy zawsze stoi klientka \u2014 jej potrzeby, oczekiwania i dobre samopoczucie. <\/em><\/p>\n\n\n\n<p class=\"has-text-align-left\"><em>Oferuj\u0119 zabiegi oparte na aktualnej wiedzy, sprawdzonych technologiach i indywidualnym podej\u015bciu. <\/em><\/p>\n\n\n\n<p class=\"has-text-align-left\"><em>W mojej pracy kluczowe s\u0105, uwa\u017cna diagnoza oraz realna skuteczno\u015b\u0107 zabieg\u00f3w \u2014 zawsze w trosce o bezpiecze\u0144stwo, komfort i naturalne pi\u0119kno moich klientek.<\/em><\/p>\n\n\n\n<p class=\"has-text-align-center\"><strong><em>Zapraszam,  pozw\u00f3l sobie na \u015bwiadom\u0105 piel\u0119gnacj\u0119  <\/em><\/strong><\/p>\n\n\n\n<p class=\"has-text-align-center\"><strong><em> Twoja sk\u00f3ra zas\u0142uguje na to, co najlepsze   <\/em><\/strong><\/p>\n\n\n\n<p><\/p>\n","protected":false},"excerpt":{"rendered":"<p>Od lat z pasj\u0105 oraz zaanga\u017cowaniem zajmuj\u0119 si\u0119 profesjonaln\u0105 piel\u0119gnacj\u0105 sk\u00f3ry twarzy i cia\u0142a. Kosmetologia to nie tylko moja praca, to \u015bwiadoma \u017cyciowa droga, w kt\u00f3rej mog\u0119 \u0142\u0105czy\u0107 wiedz\u0119, do\u015bwiadczenie i autentyczn\u0105 trosk\u0119 o zdrowie oraz dobre samopoczucie moich klientek. Uko\u0144czy\u0142am studia podyplomowe z Kosmetologii oraz Medycyny Estetycznej, a swoj\u0105 wiedz\u0119 poszerzy\u0142am tak\u017ce o kierunek &hellip; <\/p>\n<p class=\"link-more\"><a href=\"https:\/\/pearlofbeauty.pl\/?page_id=43\" class=\"more-link\">Continue reading<span class=\"screen-reader-text\"> &#8220;O mnie&#8221;<\/span><\/a><\/p>\n","protected":false},"author":1,"featured_media":0,"parent":0,"menu_order":0,"comment_status":"closed","ping_status":"closed","template":"","meta":{"footnotes":""},"class_list":["post-43","page","type-page","status-publish","hentry"],"_links":{"self":[{"href":"https:\/\/pearlofbeauty.pl\/index.php?rest_route=\/wp\/v2\/pages\/43","targetHints":{"allow":["GET"]}}],"collection":[{"href":"https:\/\/pearlofbeauty.pl\/index.php?rest_route=\/wp\/v2\/pages"}],"about":[{"href":"https:\/\/pearlofbeauty.pl\/index.php?rest_route=\/wp\/v2\/types\/page"}],"author":[{"embeddable":true,"href":"https:\/\/pearlofbeauty.pl\/index.php?rest_route=\/wp\/v2\/users\/1"}],"replies":[{"embeddable":true,"href":"https:\/\/pearlofbeauty.pl\/index.php?rest_route=%2Fwp%2Fv2%2Fcomments&post=43"}],"version-history":[{"count":17,"href":"https:\/\/pearlofbeauty.pl\/index.php?rest_route=\/wp\/v2\/pages\/43\/revisions"}],"predecessor-version":[{"id":273,"href":"https:\/\/pearlofbeauty.pl\/index.php?rest_route=\/wp\/v2\/pages\/43\/revisions\/273"}],"wp:attachment":[{"href":"https:\/\/pearlofbeauty.pl\/index.php?rest_route=%2Fwp%2Fv2%2Fmedia&parent=43"}],"curies":[{"name":"wp","href":"https:\/\/api.w.org\/{rel}","templated":true}]}}