{"id":46,"date":"2025-07-10T01:05:58","date_gmt":"2025-07-09T23:05:58","guid":{"rendered":"https:\/\/pearlofbeauty.pl\/?page_id=46"},"modified":"2025-07-11T01:54:11","modified_gmt":"2025-07-10T23:54:11","slug":"kontakt","status":"publish","type":"page","link":"https:\/\/pearlofbeauty.pl\/?page_id=46","title":{"rendered":"Kontakt"},"content":{"rendered":"\n<p><em><strong>Centrum Kosmetologii Pearl of Beauty &#8211; Per\u0142a Pi\u0119kna <\/strong><\/em><\/p>\n\n\n\n<p>D\u0119be Wielkie ul. Ko\u015bcielna 23 A<\/p>\n\n\n\n<p><em>tel. 889 077 578<\/em><\/p>\n\n\n\n<p><em>mail: kontaktperlapiekna@ gmail.com<\/em><\/p>\n\n\n\n<p><em><a href=\"https:\/\/www.facebook.com\/CentrumKosmetologiiPerlaPiekna\">Facebook<\/a>: CentrumKosmetologiiPerlaPiekna<\/em><\/p>\n\n\n\n<p><em><strong>Godziny otwarcia<\/strong><\/em><\/p>\n\n\n\n<p><em>poniedzia\u0142ek &#8211; pi\u0105tek          godz. 11 &#8211; 20<\/em><\/p>\n\n\n\n<p><em>sobota &#8211;                                    godz.  9 &#8211; 15<\/em><\/p>\n\n\n\n<p><\/p>\n","protected":false},"excerpt":{"rendered":"<p>Centrum Kosmetologii Pearl of Beauty &#8211; Per\u0142a Pi\u0119kna D\u0119be Wielkie ul. Ko\u015bcielna 23 A tel. 889 077 578 mail: kontaktperlapiekna@ gmail.com Facebook: CentrumKosmetologiiPerlaPiekna Godziny otwarcia poniedzia\u0142ek &#8211; pi\u0105tek godz. 11 &#8211; 20 sobota &#8211; godz. 9 &#8211; 15<\/p>\n","protected":false},"author":1,"featured_media":0,"parent":0,"menu_order":0,"comment_status":"closed","ping_status":"closed","template":"","meta":{"footnotes":""},"class_list":["post-46","page","type-page","status-publish","hentry"],"_links":{"self":[{"href":"https:\/\/pearlofbeauty.pl\/index.php?rest_route=\/wp\/v2\/pages\/46","targetHints":{"allow":["GET"]}}],"collection":[{"href":"https:\/\/pearlofbeauty.pl\/index.php?rest_route=\/wp\/v2\/pages"}],"about":[{"href":"https:\/\/pearlofbeauty.pl\/index.php?rest_route=\/wp\/v2\/types\/page"}],"author":[{"embeddable":true,"href":"https:\/\/pearlofbeauty.pl\/index.php?rest_route=\/wp\/v2\/users\/1"}],"replies":[{"embeddable":true,"href":"https:\/\/pearlofbeauty.pl\/index.php?rest_route=%2Fwp%2Fv2%2Fcomments&post=46"}],"version-history":[{"count":7,"href":"https:\/\/pearlofbeauty.pl\/index.php?rest_route=\/wp\/v2\/pages\/46\/revisions"}],"predecessor-version":[{"id":195,"href":"https:\/\/pearlofbeauty.pl\/index.php?rest_route=\/wp\/v2\/pages\/46\/revisions\/195"}],"wp:attachment":[{"href":"https:\/\/pearlofbeauty.pl\/index.php?rest_route=%2Fwp%2Fv2%2Fmedia&parent=46"}],"curies":[{"name":"wp","href":"https:\/\/api.w.org\/{rel}","templated":true}]}}